{"id":15356,"date":"2021-10-01T00:08:27","date_gmt":"2021-10-01T04:08:27","guid":{"rendered":"https:\/\/rebeccablacklaw.com\/?page_id=15356"},"modified":"2021-10-01T00:08:27","modified_gmt":"2021-10-01T04:08:27","slug":"video-consultations","status":"publish","type":"page","link":"https:\/\/www.rebeccablacklaw.com\/es\/video-consultations\/","title":{"rendered":"Consultas por video llamada"},"content":{"rendered":"<p>La pandemia de COVID-19 nos ense\u00f1\u00f3 que no hay l\u00edmites cuando se trata de hacer las cosas. Vimos a familias y negocios adaptarse al trabajo remoto, las clases a trav\u00e9s de video y las reuniones por Zoom se convirtieron en la norma para la mayor\u00eda.<\/p>\n<p>En Rebecca Black Immigration, entendemos la importancia de obtener la informaci\u00f3n que necesitas cuando la necesitas, y que la inmigraci\u00f3n no se detiene ni siquiera durante una pandemia. Ofrecemos consultas por video para todos nuestros clientes nuevos y existentes cualquier d\u00eda de la semana.<\/p>","protected":false},"excerpt":{"rendered":"<p>The COVID-19 pandemic taught us that there are no boundaries when it comes to getting things done. We saw families and businesses adapt to remote working, school via video, and Zoom meetings became the norm for most. At Rebecca Black Immigration, we understand the importance of getting the information you need when you need it, [&hellip;]<\/p>","protected":false},"author":1,"featured_media":15062,"parent":0,"menu_order":0,"comment_status":"closed","ping_status":"closed","template":"","meta":{"_acf_changed":false,"footnotes":""},"class_list":["post-15356","page","type-page","status-publish","has-post-thumbnail","hentry"],"acf":[],"jetpack_sharing_enabled":true,"_links":{"self":[{"href":"https:\/\/www.rebeccablacklaw.com\/es\/wp-json\/wp\/v2\/pages\/15356","targetHints":{"allow":["GET"]}}],"collection":[{"href":"https:\/\/www.rebeccablacklaw.com\/es\/wp-json\/wp\/v2\/pages"}],"about":[{"href":"https:\/\/www.rebeccablacklaw.com\/es\/wp-json\/wp\/v2\/types\/page"}],"author":[{"embeddable":true,"href":"https:\/\/www.rebeccablacklaw.com\/es\/wp-json\/wp\/v2\/users\/1"}],"replies":[{"embeddable":true,"href":"https:\/\/www.rebeccablacklaw.com\/es\/wp-json\/wp\/v2\/comments?post=15356"}],"version-history":[{"count":0,"href":"https:\/\/www.rebeccablacklaw.com\/es\/wp-json\/wp\/v2\/pages\/15356\/revisions"}],"wp:featuredmedia":[{"embeddable":true,"href":"https:\/\/www.rebeccablacklaw.com\/es\/wp-json\/wp\/v2\/media\/15062"}],"wp:attachment":[{"href":"https:\/\/www.rebeccablacklaw.com\/es\/wp-json\/wp\/v2\/media?parent=15356"}],"curies":[{"name":"wp","href":"https:\/\/api.w.org\/{rel}","templated":true}]}}